{"id":5669,"date":"2024-07-01T09:44:59","date_gmt":"2024-07-01T09:44:59","guid":{"rendered":"https:\/\/www.onurkoserealestate.com\/product\/denize-yakin-premium-olanaklara-sahip-cagdas-11-daire\/"},"modified":"2024-07-01T09:44:59","modified_gmt":"2024-07-01T09:44:59","slug":"contemporary-11-apartment-with-premium-facilities-near-the-sea","status":"publish","type":"product","link":"https:\/\/www.onurkoserealestate.com\/tr\/product\/contemporary-11-apartment-with-premium-facilities-near-the-sea\/","title":{"rendered":"Denize Yak\u0131n Premium Olanaklara Sahip \u00c7a\u011fda\u015f 1+1 Daire"},"content":{"rendered":"<p>Bu mobilyal\u0131 1+1 daire, 2021 y\u0131l\u0131nda tamamlanan bir binan\u0131n ikinci kat\u0131nda 55 metrekarelik bir alana yay\u0131lm\u0131\u015ft\u0131r. A\u00e7\u0131k mutfakl\u0131 ve g\u00fcneydo\u011fu cepheli dairenin her taraf\u0131 do\u011fal \u0131\u015f\u0131k almaktad\u0131r. Denize sadece 550 metre mesafede yer alan kompleks, havuz, fitness merkezi, sauna, hamam, oyun alan\u0131 ve jenerat\u00f6r gibi modern olanaklara sahip olup sakinlerine rahatl\u0131k ve konfor sa\u011flamaktad\u0131r.<\/p>\n","protected":false},"excerpt":{"rendered":"<p>Bu mobilyal\u0131 1+1 daire, 2021 y\u0131l\u0131nda tamamlanan bir binan\u0131n ikinci kat\u0131nda 55 metrekarelik bir alana yay\u0131lm\u0131\u015ft\u0131r. A\u00e7\u0131k mutfakl\u0131 ve g\u00fcneydo\u011fu<\/p>\n","protected":false},"featured_media":5663,"comment_status":"open","ping_status":"closed","template":"","meta":[],"product_cat":[77],"product_tag":[],"country":[109],"district":[186],"selling-type":[118],"property-type":[120],"location":[152],"property-city":[124],"class_list":{"0":"post-5669","1":"product","2":"type-product","3":"status-publish","4":"has-post-thumbnail","6":"product_cat-acil-satilik","7":"country-turkey-tr","8":"district-mahmutlar-tr","9":"selling-type-resale-tr","10":"property-type-apartment-tr","11":"location-alanya-tr","12":"property-city-antalya-tr","14":"first","15":"instock","16":"shipping-taxable","17":"purchasable","18":"product-type-simple"},"_links":{"self":[{"href":"https:\/\/www.onurkoserealestate.com\/tr\/wp-json\/wp\/v2\/product\/5669","targetHints":{"allow":["GET"]}}],"collection":[{"href":"https:\/\/www.onurkoserealestate.com\/tr\/wp-json\/wp\/v2\/product"}],"about":[{"href":"https:\/\/www.onurkoserealestate.com\/tr\/wp-json\/wp\/v2\/types\/product"}],"replies":[{"embeddable":true,"href":"https:\/\/www.onurkoserealestate.com\/tr\/wp-json\/wp\/v2\/comments?post=5669"}],"wp:featuredmedia":[{"embeddable":true,"href":"https:\/\/www.onurkoserealestate.com\/tr\/wp-json\/wp\/v2\/media\/5663"}],"wp:attachment":[{"href":"https:\/\/www.onurkoserealestate.com\/tr\/wp-json\/wp\/v2\/media?parent=5669"}],"wp:term":[{"taxonomy":"product_cat","embeddable":true,"href":"https:\/\/www.onurkoserealestate.com\/tr\/wp-json\/wp\/v2\/product_cat?post=5669"},{"taxonomy":"product_tag","embeddable":true,"href":"https:\/\/www.onurkoserealestate.com\/tr\/wp-json\/wp\/v2\/product_tag?post=5669"},{"taxonomy":"country","embeddable":true,"href":"https:\/\/www.onurkoserealestate.com\/tr\/wp-json\/wp\/v2\/country?post=5669"},{"taxonomy":"district","embeddable":true,"href":"https:\/\/www.onurkoserealestate.com\/tr\/wp-json\/wp\/v2\/district?post=5669"},{"taxonomy":"selling-type","embeddable":true,"href":"https:\/\/www.onurkoserealestate.com\/tr\/wp-json\/wp\/v2\/selling-type?post=5669"},{"taxonomy":"property-type","embeddable":true,"href":"https:\/\/www.onurkoserealestate.com\/tr\/wp-json\/wp\/v2\/property-type?post=5669"},{"taxonomy":"location","embeddable":true,"href":"https:\/\/www.onurkoserealestate.com\/tr\/wp-json\/wp\/v2\/location?post=5669"},{"taxonomy":"property-city","embeddable":true,"href":"https:\/\/www.onurkoserealestate.com\/tr\/wp-json\/wp\/v2\/property-city?post=5669"}],"curies":[{"name":"wp","href":"https:\/\/api.w.org\/{rel}","templated":true}]}}