{"id":6104,"date":"2024-07-01T10:42:11","date_gmt":"2024-07-01T10:42:11","guid":{"rendered":"https:\/\/www.onurkoserealestate.com\/product\/mahmutlarda-denize-yakin-yeni-insa-edilmis-11-daire\/"},"modified":"2024-07-01T10:42:11","modified_gmt":"2024-07-01T10:42:11","slug":"newly-built-11-apartment-with-sea-proximity-in-mahmutlar","status":"publish","type":"product","link":"https:\/\/www.onurkoserealestate.com\/tr\/product\/newly-built-11-apartment-with-sea-proximity-in-mahmutlar\/","title":{"rendered":"Mahmutlar&#8217;da Denize Yak\u0131n Yeni \u0130n\u015fa Edilmi\u015f 1+1 Daire"},"content":{"rendered":"<p>A\u00e7\u0131k mutfakl\u0131 bu 1+1 daire, Mahmutlar&#8217;da yeni in\u015fa edilmi\u015f bir binan\u0131n 4. kat\u0131nda (tapuda 2. kat olarak listelenmi\u015ftir) 45 metrekarelik bir alana yay\u0131lm\u0131\u015ft\u0131r. Denize sadece 500 metre mesafede yer alan tesis, g\u00fcn boyunca do\u011fal \u0131\u015f\u0131k sa\u011flayan Do\u011fu&#8217;ya bakan bir cepheye sahiptir. Konforlu bir ya\u015fam i\u00e7in ideal olan daire, bu canl\u0131 sahil semtinde tam donan\u0131ml\u0131 ve kullan\u0131ma haz\u0131rd\u0131r<\/p>\n","protected":false},"excerpt":{"rendered":"<p>A\u00e7\u0131k mutfakl\u0131 bu 1+1 daire, Mahmutlar&#8217;da yeni in\u015fa edilmi\u015f bir binan\u0131n 4. kat\u0131nda (tapuda 2. kat olarak listelenmi\u015ftir) 45 metrekarelik<\/p>\n","protected":false},"featured_media":6085,"comment_status":"open","ping_status":"closed","template":"","meta":[],"product_cat":[77],"product_tag":[],"country":[109],"district":[186],"selling-type":[118],"property-type":[120],"location":[152],"property-city":[124],"class_list":{"0":"post-6104","1":"product","2":"type-product","3":"status-publish","4":"has-post-thumbnail","6":"product_cat-acil-satilik","7":"country-turkey-tr","8":"district-mahmutlar-tr","9":"selling-type-resale-tr","10":"property-type-apartment-tr","11":"location-alanya-tr","12":"property-city-antalya-tr","14":"first","15":"instock","16":"shipping-taxable","17":"purchasable","18":"product-type-simple"},"_links":{"self":[{"href":"https:\/\/www.onurkoserealestate.com\/tr\/wp-json\/wp\/v2\/product\/6104","targetHints":{"allow":["GET"]}}],"collection":[{"href":"https:\/\/www.onurkoserealestate.com\/tr\/wp-json\/wp\/v2\/product"}],"about":[{"href":"https:\/\/www.onurkoserealestate.com\/tr\/wp-json\/wp\/v2\/types\/product"}],"replies":[{"embeddable":true,"href":"https:\/\/www.onurkoserealestate.com\/tr\/wp-json\/wp\/v2\/comments?post=6104"}],"wp:featuredmedia":[{"embeddable":true,"href":"https:\/\/www.onurkoserealestate.com\/tr\/wp-json\/wp\/v2\/media\/6085"}],"wp:attachment":[{"href":"https:\/\/www.onurkoserealestate.com\/tr\/wp-json\/wp\/v2\/media?parent=6104"}],"wp:term":[{"taxonomy":"product_cat","embeddable":true,"href":"https:\/\/www.onurkoserealestate.com\/tr\/wp-json\/wp\/v2\/product_cat?post=6104"},{"taxonomy":"product_tag","embeddable":true,"href":"https:\/\/www.onurkoserealestate.com\/tr\/wp-json\/wp\/v2\/product_tag?post=6104"},{"taxonomy":"country","embeddable":true,"href":"https:\/\/www.onurkoserealestate.com\/tr\/wp-json\/wp\/v2\/country?post=6104"},{"taxonomy":"district","embeddable":true,"href":"https:\/\/www.onurkoserealestate.com\/tr\/wp-json\/wp\/v2\/district?post=6104"},{"taxonomy":"selling-type","embeddable":true,"href":"https:\/\/www.onurkoserealestate.com\/tr\/wp-json\/wp\/v2\/selling-type?post=6104"},{"taxonomy":"property-type","embeddable":true,"href":"https:\/\/www.onurkoserealestate.com\/tr\/wp-json\/wp\/v2\/property-type?post=6104"},{"taxonomy":"location","embeddable":true,"href":"https:\/\/www.onurkoserealestate.com\/tr\/wp-json\/wp\/v2\/location?post=6104"},{"taxonomy":"property-city","embeddable":true,"href":"https:\/\/www.onurkoserealestate.com\/tr\/wp-json\/wp\/v2\/property-city?post=6104"}],"curies":[{"name":"wp","href":"https:\/\/api.w.org\/{rel}","templated":true}]}}