{"id":6466,"date":"2024-07-02T07:51:05","date_gmt":"2024-07-02T07:51:05","guid":{"rendered":"https:\/\/www.onurkoserealestate.com\/product\/populer-mahmutlar-living-tatil-koyu-tarzi-olanaklar-ile-2-yatak-odali-deniz-manzarali-daire\/"},"modified":"2024-07-02T07:51:05","modified_gmt":"2024-07-02T07:51:05","slug":"coveted-mahmutlar-living-sea-view-2-bedroom-apartment-with-resort-style-amenities","status":"publish","type":"product","link":"https:\/\/www.onurkoserealestate.com\/tr\/product\/coveted-mahmutlar-living-sea-view-2-bedroom-apartment-with-resort-style-amenities\/","title":{"rendered":"Pop\u00fcler Mahmutlar Living: Tatil K\u00f6y\u00fc Tarz\u0131 Olanaklar ile 2 Yatak Odal\u0131 Deniz Manzaral\u0131 Daire"},"content":{"rendered":"<p>Mahmutlar&#8217;\u0131n hareketli b\u00f6lgesinde yer alan bu 95 metrekarelik 2 yatak odal\u0131 daire, modern bir a\u00e7\u0131k mutfa\u011fa sahip konforlu bir ya\u015fam alan\u0131 ve g\u00fcneybat\u0131 y\u00f6n\u00fcne bakan, bol miktarda do\u011fal \u0131\u015f\u0131k ve do\u011fal deniz manzaras\u0131 sa\u011flayan geni\u015f bir teras sunmaktad\u0131r. Yakla\u015f\u0131k 10-15 y\u0131ll\u0131k 11 katl\u0131 bir binan\u0131n B Blo\u011funun birinci kat\u0131nda yer alan daire tamamen mobilyal\u0131 olup ta\u015f\u0131nmaya haz\u0131rd\u0131r. Sakinler a\u00e7\u0131k havuz, fitness merkezi, sauna, T\u00fcrk hamam\u0131 ve dinlenme odas\u0131 gibi olanaklar\u0131n yan\u0131 s\u0131ra k\u00fc\u00e7\u00fck bir kapal\u0131 havuz, bilardo salonu, jenerat\u00f6r, \u00e7ocuk oyun alan\u0131 ve \u00f6zel otopark gibi kolayl\u0131klardan da yararlanabilirler. Denize sadece 1,5 kilometre yak\u0131nl\u0131\u011f\u0131 ve 1000 T\u00fcrk Liras\u0131 tutar\u0131ndaki y\u00f6netilebilir ayl\u0131k aidat\u0131yla bu m\u00fclk, Alanya&#8217;n\u0131n aranan bir mahallesinde hem konfor hem de rahatl\u0131k sunmaktad\u0131r.<\/p>\n","protected":false},"excerpt":{"rendered":"<p>Mahmutlar&#8217;\u0131n hareketli b\u00f6lgesinde yer alan bu 95 metrekarelik 2 yatak odal\u0131 daire, modern bir a\u00e7\u0131k mutfa\u011fa sahip konforlu bir ya\u015fam<\/p>\n","protected":false},"featured_media":6397,"comment_status":"open","ping_status":"closed","template":"","meta":[],"product_cat":[77,101],"product_tag":[],"country":[109],"district":[186],"selling-type":[118],"property-type":[120],"location":[152],"property-city":[124],"class_list":{"0":"post-6466","1":"product","2":"type-product","3":"status-publish","4":"has-post-thumbnail","6":"product_cat-acil-satilik","7":"product_cat-deniz-manzarali","8":"country-turkey-tr","9":"district-mahmutlar-tr","10":"selling-type-resale-tr","11":"property-type-apartment-tr","12":"location-alanya-tr","13":"property-city-antalya-tr","15":"first","16":"instock","17":"shipping-taxable","18":"purchasable","19":"product-type-simple"},"_links":{"self":[{"href":"https:\/\/www.onurkoserealestate.com\/tr\/wp-json\/wp\/v2\/product\/6466","targetHints":{"allow":["GET"]}}],"collection":[{"href":"https:\/\/www.onurkoserealestate.com\/tr\/wp-json\/wp\/v2\/product"}],"about":[{"href":"https:\/\/www.onurkoserealestate.com\/tr\/wp-json\/wp\/v2\/types\/product"}],"replies":[{"embeddable":true,"href":"https:\/\/www.onurkoserealestate.com\/tr\/wp-json\/wp\/v2\/comments?post=6466"}],"wp:featuredmedia":[{"embeddable":true,"href":"https:\/\/www.onurkoserealestate.com\/tr\/wp-json\/wp\/v2\/media\/6397"}],"wp:attachment":[{"href":"https:\/\/www.onurkoserealestate.com\/tr\/wp-json\/wp\/v2\/media?parent=6466"}],"wp:term":[{"taxonomy":"product_cat","embeddable":true,"href":"https:\/\/www.onurkoserealestate.com\/tr\/wp-json\/wp\/v2\/product_cat?post=6466"},{"taxonomy":"product_tag","embeddable":true,"href":"https:\/\/www.onurkoserealestate.com\/tr\/wp-json\/wp\/v2\/product_tag?post=6466"},{"taxonomy":"country","embeddable":true,"href":"https:\/\/www.onurkoserealestate.com\/tr\/wp-json\/wp\/v2\/country?post=6466"},{"taxonomy":"district","embeddable":true,"href":"https:\/\/www.onurkoserealestate.com\/tr\/wp-json\/wp\/v2\/district?post=6466"},{"taxonomy":"selling-type","embeddable":true,"href":"https:\/\/www.onurkoserealestate.com\/tr\/wp-json\/wp\/v2\/selling-type?post=6466"},{"taxonomy":"property-type","embeddable":true,"href":"https:\/\/www.onurkoserealestate.com\/tr\/wp-json\/wp\/v2\/property-type?post=6466"},{"taxonomy":"location","embeddable":true,"href":"https:\/\/www.onurkoserealestate.com\/tr\/wp-json\/wp\/v2\/location?post=6466"},{"taxonomy":"property-city","embeddable":true,"href":"https:\/\/www.onurkoserealestate.com\/tr\/wp-json\/wp\/v2\/property-city?post=6466"}],"curies":[{"name":"wp","href":"https:\/\/api.w.org\/{rel}","templated":true}]}}