{"id":6815,"date":"2024-07-02T08:49:30","date_gmt":"2024-07-02T08:49:30","guid":{"rendered":"https:\/\/www.onurkoserealestate.com\/product\/mahmutlarin-en-iyi-konumunda-kapsamli-olanaklara-sahip-deniz-ve-sehir-manzarali-daire\/"},"modified":"2024-07-02T08:49:30","modified_gmt":"2024-07-02T08:49:30","slug":"sea-and-city-view-apartment-with-extensive-amenities-in-mahmutlars-premier-location","status":"publish","type":"product","link":"https:\/\/www.onurkoserealestate.com\/tr\/product\/sea-and-city-view-apartment-with-extensive-amenities-in-mahmutlars-premier-location\/","title":{"rendered":"Mahmutlar&#8217;\u0131n En \u0130yi Konumunda Kapsaml\u0131 Olanaklara Sahip Deniz ve \u015eehir Manzaral\u0131 Daire"},"content":{"rendered":"<p>Mahmutlar&#8217;da yer alan bu 2 yatak odal\u0131 dairede a\u00e7\u0131k mutfak bulunmaktad\u0131r ve bir binan\u0131n 5. kat\u0131nda yer almaktad\u0131r. G\u00fcneydo\u011fu cephesi deniz, kale ve \u015fehir manzaras\u0131 sunan daire tamamen mobilyal\u0131d\u0131r. Dairede \u00e7ift banyo bulunmaktad\u0131r ve y\u0131ll\u0131k aidat 1100 Euro&#8217;dur. Komplekste a\u00e7\u0131k ve kapal\u0131 havuzlar, aqua park, sauna, fitness merkezi, hamam, buhar odas\u0131, dinlenme odas\u0131, masaj odas\u0131, sinema, bowling salonu, \u00e7ocuk oyun alan\u0131, resepsiyon alan\u0131, lobi, kafe, tenis kortu, basketbol sahas\u0131 ve kapal\u0131 otopark gibi kapsaml\u0131 olanaklar bulunmaktad\u0131r.<\/p>\n","protected":false},"excerpt":{"rendered":"<p>Mahmutlar&#8217;da yer alan bu 2 yatak odal\u0131 dairede a\u00e7\u0131k mutfak bulunmaktad\u0131r ve bir binan\u0131n 5. kat\u0131nda yer almaktad\u0131r. G\u00fcneydo\u011fu cephesi<\/p>\n","protected":false},"featured_media":6714,"comment_status":"open","ping_status":"closed","template":"","meta":[],"product_cat":[77,95],"product_tag":[],"country":[109],"district":[186],"selling-type":[118],"property-type":[120],"location":[152],"property-city":[124],"class_list":{"0":"post-6815","1":"product","2":"type-product","3":"status-publish","4":"has-post-thumbnail","6":"product_cat-acil-satilik","7":"product_cat-havuz-manzarasi","8":"country-turkey-tr","9":"district-mahmutlar-tr","10":"selling-type-resale-tr","11":"property-type-apartment-tr","12":"location-alanya-tr","13":"property-city-antalya-tr","15":"first","16":"instock","17":"shipping-taxable","18":"purchasable","19":"product-type-simple"},"_links":{"self":[{"href":"https:\/\/www.onurkoserealestate.com\/tr\/wp-json\/wp\/v2\/product\/6815","targetHints":{"allow":["GET"]}}],"collection":[{"href":"https:\/\/www.onurkoserealestate.com\/tr\/wp-json\/wp\/v2\/product"}],"about":[{"href":"https:\/\/www.onurkoserealestate.com\/tr\/wp-json\/wp\/v2\/types\/product"}],"replies":[{"embeddable":true,"href":"https:\/\/www.onurkoserealestate.com\/tr\/wp-json\/wp\/v2\/comments?post=6815"}],"wp:featuredmedia":[{"embeddable":true,"href":"https:\/\/www.onurkoserealestate.com\/tr\/wp-json\/wp\/v2\/media\/6714"}],"wp:attachment":[{"href":"https:\/\/www.onurkoserealestate.com\/tr\/wp-json\/wp\/v2\/media?parent=6815"}],"wp:term":[{"taxonomy":"product_cat","embeddable":true,"href":"https:\/\/www.onurkoserealestate.com\/tr\/wp-json\/wp\/v2\/product_cat?post=6815"},{"taxonomy":"product_tag","embeddable":true,"href":"https:\/\/www.onurkoserealestate.com\/tr\/wp-json\/wp\/v2\/product_tag?post=6815"},{"taxonomy":"country","embeddable":true,"href":"https:\/\/www.onurkoserealestate.com\/tr\/wp-json\/wp\/v2\/country?post=6815"},{"taxonomy":"district","embeddable":true,"href":"https:\/\/www.onurkoserealestate.com\/tr\/wp-json\/wp\/v2\/district?post=6815"},{"taxonomy":"selling-type","embeddable":true,"href":"https:\/\/www.onurkoserealestate.com\/tr\/wp-json\/wp\/v2\/selling-type?post=6815"},{"taxonomy":"property-type","embeddable":true,"href":"https:\/\/www.onurkoserealestate.com\/tr\/wp-json\/wp\/v2\/property-type?post=6815"},{"taxonomy":"location","embeddable":true,"href":"https:\/\/www.onurkoserealestate.com\/tr\/wp-json\/wp\/v2\/location?post=6815"},{"taxonomy":"property-city","embeddable":true,"href":"https:\/\/www.onurkoserealestate.com\/tr\/wp-json\/wp\/v2\/property-city?post=6815"}],"curies":[{"name":"wp","href":"https:\/\/api.w.org\/{rel}","templated":true}]}}