{"id":7311,"date":"2024-07-03T08:30:19","date_gmt":"2024-07-03T08:30:19","guid":{"rendered":"https:\/\/www.onurkoserealestate.com\/product\/alanya-obada-havuz-manzarali-kullanisli-11-daire\/"},"modified":"2024-07-03T08:30:19","modified_gmt":"2024-07-03T08:30:19","slug":"convenient-11-apartment-with-pool-view-in-oba-alanya","status":"publish","type":"product","link":"https:\/\/www.onurkoserealestate.com\/tr\/product\/convenient-11-apartment-with-pool-view-in-oba-alanya\/","title":{"rendered":"Alanya Oba&#8217;da Havuz Manzaral\u0131 Kullan\u0131\u015fl\u0131 1+1 Daire"},"content":{"rendered":"<p>Bu 1 + 1 daire, Alanya&#8217;n\u0131n aranan bir b\u00f6lgesi olan Oba&#8217;da yer almaktad\u0131r. D\u00f6rt katl\u0131 bir binan\u0131n \u00fc\u00e7\u00fcnc\u00fc kat\u0131nda yer alan daire 45 metrekaredir ve a\u00e7\u0131k mutfak d\u00fczenine sahiptir. Daire, kompleks i\u00e7indeki havuz manzaral\u0131 kuzeydo\u011fuya bakan bir cepheye sahiptir. Sakinler a\u00e7\u0131k ve kapal\u0131 havuzlar, sauna, fitness merkezi, barbek\u00fc alan\u0131 ve \u00e7ocuk oyun alan\u0131 gibi olanaklar\u0131n keyfini \u00e7\u0131karacak. Denize 1,8 kilometre uzakl\u0131kta elveri\u015fli bir konuma sahiptir. Ayl\u0131k aidat tutar\u0131 700 TL&#8217;dir. Bu tesis, birinci s\u0131n\u0131f bir konumda konfor ve rahatl\u0131k arayan hem tatilciler hem de y\u0131l boyunca ikamet edenler i\u00e7in ideal bir se\u00e7enek sunmaktad\u0131r<\/p>\n","protected":false},"excerpt":{"rendered":"<p>Bu 1 + 1 daire, Alanya&#8217;n\u0131n aranan bir b\u00f6lgesi olan Oba&#8217;da yer almaktad\u0131r. D\u00f6rt katl\u0131 bir binan\u0131n \u00fc\u00e7\u00fcnc\u00fc kat\u0131nda yer<\/p>\n","protected":false},"featured_media":7252,"comment_status":"open","ping_status":"closed","template":"","meta":[],"product_cat":[77,95],"product_tag":[],"country":[109],"district":[193],"selling-type":[118],"property-type":[120],"location":[152],"property-city":[124],"class_list":{"0":"post-7311","1":"product","2":"type-product","3":"status-publish","4":"has-post-thumbnail","6":"product_cat-acil-satilik","7":"product_cat-havuz-manzarasi","8":"country-turkey-tr","9":"district-oba-tr","10":"selling-type-resale-tr","11":"property-type-apartment-tr","12":"location-alanya-tr","13":"property-city-antalya-tr","15":"first","16":"instock","17":"shipping-taxable","18":"purchasable","19":"product-type-simple"},"_links":{"self":[{"href":"https:\/\/www.onurkoserealestate.com\/tr\/wp-json\/wp\/v2\/product\/7311","targetHints":{"allow":["GET"]}}],"collection":[{"href":"https:\/\/www.onurkoserealestate.com\/tr\/wp-json\/wp\/v2\/product"}],"about":[{"href":"https:\/\/www.onurkoserealestate.com\/tr\/wp-json\/wp\/v2\/types\/product"}],"replies":[{"embeddable":true,"href":"https:\/\/www.onurkoserealestate.com\/tr\/wp-json\/wp\/v2\/comments?post=7311"}],"wp:featuredmedia":[{"embeddable":true,"href":"https:\/\/www.onurkoserealestate.com\/tr\/wp-json\/wp\/v2\/media\/7252"}],"wp:attachment":[{"href":"https:\/\/www.onurkoserealestate.com\/tr\/wp-json\/wp\/v2\/media?parent=7311"}],"wp:term":[{"taxonomy":"product_cat","embeddable":true,"href":"https:\/\/www.onurkoserealestate.com\/tr\/wp-json\/wp\/v2\/product_cat?post=7311"},{"taxonomy":"product_tag","embeddable":true,"href":"https:\/\/www.onurkoserealestate.com\/tr\/wp-json\/wp\/v2\/product_tag?post=7311"},{"taxonomy":"country","embeddable":true,"href":"https:\/\/www.onurkoserealestate.com\/tr\/wp-json\/wp\/v2\/country?post=7311"},{"taxonomy":"district","embeddable":true,"href":"https:\/\/www.onurkoserealestate.com\/tr\/wp-json\/wp\/v2\/district?post=7311"},{"taxonomy":"selling-type","embeddable":true,"href":"https:\/\/www.onurkoserealestate.com\/tr\/wp-json\/wp\/v2\/selling-type?post=7311"},{"taxonomy":"property-type","embeddable":true,"href":"https:\/\/www.onurkoserealestate.com\/tr\/wp-json\/wp\/v2\/property-type?post=7311"},{"taxonomy":"location","embeddable":true,"href":"https:\/\/www.onurkoserealestate.com\/tr\/wp-json\/wp\/v2\/location?post=7311"},{"taxonomy":"property-city","embeddable":true,"href":"https:\/\/www.onurkoserealestate.com\/tr\/wp-json\/wp\/v2\/property-city?post=7311"}],"curies":[{"name":"wp","href":"https:\/\/api.w.org\/{rel}","templated":true}]}}