{"id":9080,"date":"2024-07-10T09:02:10","date_gmt":"2024-07-10T09:02:10","guid":{"rendered":"https:\/\/www.onurkoserealestate.com\/product\/obada-modern-dubleks-yasam-premium-olanaklar-ile-tamamen-mobilyali\/"},"modified":"2024-07-10T09:02:10","modified_gmt":"2024-07-10T09:02:10","slug":"modern-duplex-living-in-oba-fully-furnished-2-br-with-premium-amenities","status":"publish","type":"product","link":"https:\/\/www.onurkoserealestate.com\/tr\/product\/modern-duplex-living-in-oba-fully-furnished-2-br-with-premium-amenities\/","title":{"rendered":"Oba&#8217;da Modern Dubleks Ya\u015fam: Premium Olanaklar ile Tamamen Mobilyal\u0131"},"content":{"rendered":"<p>Oba&#8217;da yer alan bu tamamen mobilyal\u0131 2 yatak odal\u0131 dubleks, d\u00f6rd\u00fcnc\u00fc katta 90 metrekarelik geni\u015f bir ya\u015fam alan\u0131 sunmaktad\u0131r. A\u00e7\u0131k mutfa\u011fa ve kuzeybat\u0131ya bakan bir cepheye sahip olan daire, denize 1,8 kilometre mesafede birinci s\u0131n\u0131f bir konuma sahiptir. Kompleksin sundu\u011fu olanaklar aras\u0131nda a\u00e7\u0131k ve kapal\u0131 havuzlar, sauna, fitness tesisleri, barbek\u00fc alanlar\u0131 ve \u00e7ocuk oyun alan\u0131 yer almaktad\u0131r. Ayl\u0131k 1.200 TL gibi y\u00f6netilebilir bir aidata sahip olan ve s\u0131f\u0131r daireli d\u00f6rt katl\u0131 bir binada yer alan bu m\u00fclk, hem modern konforlar hem de sahil \u015feridine yak\u0131nl\u0131k arayan sakinler i\u00e7in rahat ve kullan\u0131\u015fl\u0131 bir ya\u015fam tarz\u0131 se\u00e7ene\u011fi sunuyor<\/p>\n","protected":false},"excerpt":{"rendered":"<p>Oba&#8217;da yer alan bu tamamen mobilyal\u0131 2 yatak odal\u0131 dubleks, d\u00f6rd\u00fcnc\u00fc katta 90 metrekarelik geni\u015f bir ya\u015fam alan\u0131 sunmaktad\u0131r. A\u00e7\u0131k<\/p>\n","protected":false},"featured_media":8997,"comment_status":"open","ping_status":"closed","template":"","meta":[],"product_cat":[77,101],"product_tag":[],"country":[109],"district":[193],"selling-type":[118],"property-type":[120],"location":[152],"property-city":[124],"class_list":{"0":"post-9080","1":"product","2":"type-product","3":"status-publish","4":"has-post-thumbnail","6":"product_cat-acil-satilik","7":"product_cat-deniz-manzarali","8":"country-turkey-tr","9":"district-oba-tr","10":"selling-type-resale-tr","11":"property-type-apartment-tr","12":"location-alanya-tr","13":"property-city-antalya-tr","15":"first","16":"instock","17":"shipping-taxable","18":"purchasable","19":"product-type-simple"},"_links":{"self":[{"href":"https:\/\/www.onurkoserealestate.com\/tr\/wp-json\/wp\/v2\/product\/9080","targetHints":{"allow":["GET"]}}],"collection":[{"href":"https:\/\/www.onurkoserealestate.com\/tr\/wp-json\/wp\/v2\/product"}],"about":[{"href":"https:\/\/www.onurkoserealestate.com\/tr\/wp-json\/wp\/v2\/types\/product"}],"replies":[{"embeddable":true,"href":"https:\/\/www.onurkoserealestate.com\/tr\/wp-json\/wp\/v2\/comments?post=9080"}],"wp:featuredmedia":[{"embeddable":true,"href":"https:\/\/www.onurkoserealestate.com\/tr\/wp-json\/wp\/v2\/media\/8997"}],"wp:attachment":[{"href":"https:\/\/www.onurkoserealestate.com\/tr\/wp-json\/wp\/v2\/media?parent=9080"}],"wp:term":[{"taxonomy":"product_cat","embeddable":true,"href":"https:\/\/www.onurkoserealestate.com\/tr\/wp-json\/wp\/v2\/product_cat?post=9080"},{"taxonomy":"product_tag","embeddable":true,"href":"https:\/\/www.onurkoserealestate.com\/tr\/wp-json\/wp\/v2\/product_tag?post=9080"},{"taxonomy":"country","embeddable":true,"href":"https:\/\/www.onurkoserealestate.com\/tr\/wp-json\/wp\/v2\/country?post=9080"},{"taxonomy":"district","embeddable":true,"href":"https:\/\/www.onurkoserealestate.com\/tr\/wp-json\/wp\/v2\/district?post=9080"},{"taxonomy":"selling-type","embeddable":true,"href":"https:\/\/www.onurkoserealestate.com\/tr\/wp-json\/wp\/v2\/selling-type?post=9080"},{"taxonomy":"property-type","embeddable":true,"href":"https:\/\/www.onurkoserealestate.com\/tr\/wp-json\/wp\/v2\/property-type?post=9080"},{"taxonomy":"location","embeddable":true,"href":"https:\/\/www.onurkoserealestate.com\/tr\/wp-json\/wp\/v2\/location?post=9080"},{"taxonomy":"property-city","embeddable":true,"href":"https:\/\/www.onurkoserealestate.com\/tr\/wp-json\/wp\/v2\/property-city?post=9080"}],"curies":[{"name":"wp","href":"https:\/\/api.w.org\/{rel}","templated":true}]}}