{"id":9156,"date":"2024-07-10T09:22:07","date_gmt":"2024-07-10T09:22:07","guid":{"rendered":"https:\/\/www.onurkoserealestate.com\/product\/obada-bati-cepheli-konforlu-31-daire\/"},"modified":"2024-07-10T09:37:56","modified_gmt":"2024-07-10T09:37:56","slug":"comfortable-31-apartment-with-west-facing-facade-in-oba","status":"publish","type":"product","link":"https:\/\/www.onurkoserealestate.com\/tr\/product\/comfortable-31-apartment-with-west-facing-facade-in-oba\/","title":{"rendered":"Oba&#8217;da Bat\u0131 Cepheli Konforlu 3+1 Daire"},"content":{"rendered":"<p>Oba&#8217;da yer alan bu 3 yatak odal\u0131 geni\u015f daire, a\u00e7\u0131k mutfa\u011fa sahiptir ve ikinci katta 145 metrekarelik bir alana yay\u0131lm\u0131\u015ft\u0131r. \u00dc\u00e7 banyolu ve hemen kullan\u0131m i\u00e7in tamamen mobilyal\u0131 olan daire, rahatl\u0131k ve konfor sunmaktad\u0131r. Bat\u0131ya bakan cephe, g\u00fcn boyunca bol miktarda do\u011fal \u0131\u015f\u0131k almas\u0131n\u0131 sa\u011flar. 2007 y\u0131l\u0131nda in\u015fa edilen daire, denize sadece 200 metre mesafede ideal bir konuma sahiptir ve plaj severler i\u00e7in m\u00fckemmeldir. Ayl\u0131k aidat 350 TL gibi makul bir rakamd\u0131r ve site i\u00e7indeki havuza eri\u015fimi de kapsamakta, ya\u015fam tarz\u0131n\u0131 e\u011flence olanaklar\u0131yla zenginle\u015ftirmektedir<\/p>\n","protected":false},"excerpt":{"rendered":"<p>Oba&#8217;da yer alan bu 3 yatak odal\u0131 geni\u015f daire, a\u00e7\u0131k mutfa\u011fa sahiptir ve ikinci katta 145 metrekarelik bir alana yay\u0131lm\u0131\u015ft\u0131r.<\/p>\n","protected":false},"featured_media":9109,"comment_status":"open","ping_status":"closed","template":"","meta":[],"product_cat":[77,78],"product_tag":[],"country":[109],"district":[193],"selling-type":[118],"property-type":[120],"location":[152],"property-city":[124],"class_list":{"0":"post-9156","1":"product","2":"type-product","3":"status-publish","4":"has-post-thumbnail","6":"product_cat-acil-satilik","7":"product_cat-konut-icin-uygun","8":"country-turkey-tr","9":"district-oba-tr","10":"selling-type-resale-tr","11":"property-type-apartment-tr","12":"location-alanya-tr","13":"property-city-antalya-tr","15":"first","16":"instock","17":"shipping-taxable","18":"purchasable","19":"product-type-simple"},"_links":{"self":[{"href":"https:\/\/www.onurkoserealestate.com\/tr\/wp-json\/wp\/v2\/product\/9156","targetHints":{"allow":["GET"]}}],"collection":[{"href":"https:\/\/www.onurkoserealestate.com\/tr\/wp-json\/wp\/v2\/product"}],"about":[{"href":"https:\/\/www.onurkoserealestate.com\/tr\/wp-json\/wp\/v2\/types\/product"}],"replies":[{"embeddable":true,"href":"https:\/\/www.onurkoserealestate.com\/tr\/wp-json\/wp\/v2\/comments?post=9156"}],"wp:featuredmedia":[{"embeddable":true,"href":"https:\/\/www.onurkoserealestate.com\/tr\/wp-json\/wp\/v2\/media\/9109"}],"wp:attachment":[{"href":"https:\/\/www.onurkoserealestate.com\/tr\/wp-json\/wp\/v2\/media?parent=9156"}],"wp:term":[{"taxonomy":"product_cat","embeddable":true,"href":"https:\/\/www.onurkoserealestate.com\/tr\/wp-json\/wp\/v2\/product_cat?post=9156"},{"taxonomy":"product_tag","embeddable":true,"href":"https:\/\/www.onurkoserealestate.com\/tr\/wp-json\/wp\/v2\/product_tag?post=9156"},{"taxonomy":"country","embeddable":true,"href":"https:\/\/www.onurkoserealestate.com\/tr\/wp-json\/wp\/v2\/country?post=9156"},{"taxonomy":"district","embeddable":true,"href":"https:\/\/www.onurkoserealestate.com\/tr\/wp-json\/wp\/v2\/district?post=9156"},{"taxonomy":"selling-type","embeddable":true,"href":"https:\/\/www.onurkoserealestate.com\/tr\/wp-json\/wp\/v2\/selling-type?post=9156"},{"taxonomy":"property-type","embeddable":true,"href":"https:\/\/www.onurkoserealestate.com\/tr\/wp-json\/wp\/v2\/property-type?post=9156"},{"taxonomy":"location","embeddable":true,"href":"https:\/\/www.onurkoserealestate.com\/tr\/wp-json\/wp\/v2\/location?post=9156"},{"taxonomy":"property-city","embeddable":true,"href":"https:\/\/www.onurkoserealestate.com\/tr\/wp-json\/wp\/v2\/property-city?post=9156"}],"curies":[{"name":"wp","href":"https:\/\/api.w.org\/{rel}","templated":true}]}}