{"id":9465,"date":"2024-07-12T07:21:40","date_gmt":"2024-07-12T07:21:40","guid":{"rendered":"https:\/\/www.onurkoserealestate.com\/product\/obada-havuz-ve-daha-fazlasina-sahip-fantastik-11-daire\/"},"modified":"2024-07-12T07:21:40","modified_gmt":"2024-07-12T07:21:40","slug":"fantastic-11-apartment-in-oba-with-pool-and-more","status":"publish","type":"product","link":"https:\/\/www.onurkoserealestate.com\/tr\/product\/fantastic-11-apartment-in-oba-with-pool-and-more\/","title":{"rendered":"Oba&#8217;da Havuz ve Daha Fazlas\u0131na Sahip Fantastik 1+1 Daire!"},"content":{"rendered":"<p>Oba&#8217;da 1. katta yer alan bu modern 1+1 daire, 45 m\u00b2&#8217;lik konforlu bir ya\u015fam alan\u0131 sunmaktad\u0131r. A\u00e7\u0131k mutfak tasar\u0131m\u0131yla ferah bir atmosfer yaratan daire, bol miktarda do\u011fal \u0131\u015f\u0131k alan do\u011fuya bakan pencerelere sahiptir. Yepyeni bir birim olarak, yeni bir ba\u015flang\u0131\u00e7 i\u00e7in m\u00fckemmel bir se\u00e7enektir. Denize sadece 1,8 km uzakl\u0131ktaki bu tesis, \u00e7e\u015fitli sosyal olanaklarla \u00e7evrilidir. Komplekste kapal\u0131 havuz, sauna, fitness merkezi, buhar odas\u0131, barbek\u00fc alan\u0131 ve \u00e7ocuk oyun alan\u0131 bulunmaktad\u0131r. Bu, yak\u0131nlarda bir\u00e7ok aktivite ile huzurlu bir ya\u015fam tarz\u0131 arayanlar i\u00e7in ideal bir f\u0131rsat!<\/p>\n","protected":false},"excerpt":{"rendered":"<p>Oba&#8217;da 1. katta yer alan bu modern 1+1 daire, 45 m\u00b2&#8217;lik konforlu bir ya\u015fam alan\u0131 sunmaktad\u0131r. A\u00e7\u0131k mutfak tasar\u0131m\u0131yla ferah<\/p>\n","protected":false},"featured_media":9430,"comment_status":"open","ping_status":"closed","template":"","meta":[],"product_cat":[77,95],"product_tag":[],"country":[109],"district":[193],"selling-type":[118],"property-type":[120],"location":[152],"property-city":[124],"class_list":{"0":"post-9465","1":"product","2":"type-product","3":"status-publish","4":"has-post-thumbnail","6":"product_cat-acil-satilik","7":"product_cat-havuz-manzarasi","8":"country-turkey-tr","9":"district-oba-tr","10":"selling-type-resale-tr","11":"property-type-apartment-tr","12":"location-alanya-tr","13":"property-city-antalya-tr","15":"first","16":"instock","17":"shipping-taxable","18":"purchasable","19":"product-type-simple"},"_links":{"self":[{"href":"https:\/\/www.onurkoserealestate.com\/tr\/wp-json\/wp\/v2\/product\/9465","targetHints":{"allow":["GET"]}}],"collection":[{"href":"https:\/\/www.onurkoserealestate.com\/tr\/wp-json\/wp\/v2\/product"}],"about":[{"href":"https:\/\/www.onurkoserealestate.com\/tr\/wp-json\/wp\/v2\/types\/product"}],"replies":[{"embeddable":true,"href":"https:\/\/www.onurkoserealestate.com\/tr\/wp-json\/wp\/v2\/comments?post=9465"}],"wp:featuredmedia":[{"embeddable":true,"href":"https:\/\/www.onurkoserealestate.com\/tr\/wp-json\/wp\/v2\/media\/9430"}],"wp:attachment":[{"href":"https:\/\/www.onurkoserealestate.com\/tr\/wp-json\/wp\/v2\/media?parent=9465"}],"wp:term":[{"taxonomy":"product_cat","embeddable":true,"href":"https:\/\/www.onurkoserealestate.com\/tr\/wp-json\/wp\/v2\/product_cat?post=9465"},{"taxonomy":"product_tag","embeddable":true,"href":"https:\/\/www.onurkoserealestate.com\/tr\/wp-json\/wp\/v2\/product_tag?post=9465"},{"taxonomy":"country","embeddable":true,"href":"https:\/\/www.onurkoserealestate.com\/tr\/wp-json\/wp\/v2\/country?post=9465"},{"taxonomy":"district","embeddable":true,"href":"https:\/\/www.onurkoserealestate.com\/tr\/wp-json\/wp\/v2\/district?post=9465"},{"taxonomy":"selling-type","embeddable":true,"href":"https:\/\/www.onurkoserealestate.com\/tr\/wp-json\/wp\/v2\/selling-type?post=9465"},{"taxonomy":"property-type","embeddable":true,"href":"https:\/\/www.onurkoserealestate.com\/tr\/wp-json\/wp\/v2\/property-type?post=9465"},{"taxonomy":"location","embeddable":true,"href":"https:\/\/www.onurkoserealestate.com\/tr\/wp-json\/wp\/v2\/location?post=9465"},{"taxonomy":"property-city","embeddable":true,"href":"https:\/\/www.onurkoserealestate.com\/tr\/wp-json\/wp\/v2\/property-city?post=9465"}],"curies":[{"name":"wp","href":"https:\/\/api.w.org\/{rel}","templated":true}]}}