{"id":9549,"date":"2024-07-12T07:34:02","date_gmt":"2024-07-12T07:34:02","guid":{"rendered":"https:\/\/www.onurkoserealestate.com\/product\/obada-cazip-mulk-bir-aile-ruyasi\/"},"modified":"2024-07-12T07:34:02","modified_gmt":"2024-07-12T07:34:02","slug":"attractive-property-in-oba-a-family-dream","status":"publish","type":"product","link":"https:\/\/www.onurkoserealestate.com\/tr\/product\/attractive-property-in-oba-a-family-dream\/","title":{"rendered":"Oba&#8217;da Cazip M\u00fclk &#8211; Bir Aile R\u00fcyas\u0131!"},"content":{"rendered":"<p>Oba&#8217;daki bu davetkar 2+1 dairede a\u00e7\u0131k mutfak ve 110 m\u00b2&#8217;lik geni\u015f bir ya\u015fam alan\u0131 bulunmaktad\u0131r. B Blok&#8217;un 1. kat\u0131nda yer alan bu birimde bir ebeveyn banyosu ve iki balkonun yan\u0131 s\u0131ra daha fazla rahatl\u0131k i\u00e7in iki WC bulunmaktad\u0131r. Kuzeybat\u0131 cepheli daire g\u00fcn boyunca iyi ayd\u0131nlat\u0131lm\u0131\u015ft\u0131r. Bina 15 y\u0131ll\u0131kt\u0131r ve d\u00f6rt kattan olu\u015fmaktad\u0131r. Denize sadece 1 km ve hastaneye 100 metre mesafede elveri\u015fli bir konuma sahiptir. Ayl\u0131k aidat 700 TL&#8217;dir. Kompleks, a\u00e7\u0131k ve kapal\u0131 havuzlar, sauna, fitness merkezi, aquapark, otopark ve 7\/24 g\u00fcvenlik gibi m\u00fckemmel olanaklar sunmaktad\u0131r. Bu, rahat ve aktif bir ya\u015fam tarz\u0131 i\u00e7in m\u00fckemmel bir f\u0131rsat!<\/p>\n","protected":false},"excerpt":{"rendered":"<p>Oba&#8217;daki bu davetkar 2+1 dairede a\u00e7\u0131k mutfak ve 110 m\u00b2&#8217;lik geni\u015f bir ya\u015fam alan\u0131 bulunmaktad\u0131r. B Blok&#8217;un 1. kat\u0131nda yer<\/p>\n","protected":false},"featured_media":9522,"comment_status":"open","ping_status":"closed","template":"","meta":[],"product_cat":[77],"product_tag":[],"country":[109],"district":[193],"selling-type":[118],"property-type":[120],"location":[152],"property-city":[124],"class_list":{"0":"post-9549","1":"product","2":"type-product","3":"status-publish","4":"has-post-thumbnail","6":"product_cat-acil-satilik","7":"country-turkey-tr","8":"district-oba-tr","9":"selling-type-resale-tr","10":"property-type-apartment-tr","11":"location-alanya-tr","12":"property-city-antalya-tr","14":"first","15":"instock","16":"shipping-taxable","17":"purchasable","18":"product-type-simple"},"_links":{"self":[{"href":"https:\/\/www.onurkoserealestate.com\/tr\/wp-json\/wp\/v2\/product\/9549","targetHints":{"allow":["GET"]}}],"collection":[{"href":"https:\/\/www.onurkoserealestate.com\/tr\/wp-json\/wp\/v2\/product"}],"about":[{"href":"https:\/\/www.onurkoserealestate.com\/tr\/wp-json\/wp\/v2\/types\/product"}],"replies":[{"embeddable":true,"href":"https:\/\/www.onurkoserealestate.com\/tr\/wp-json\/wp\/v2\/comments?post=9549"}],"wp:featuredmedia":[{"embeddable":true,"href":"https:\/\/www.onurkoserealestate.com\/tr\/wp-json\/wp\/v2\/media\/9522"}],"wp:attachment":[{"href":"https:\/\/www.onurkoserealestate.com\/tr\/wp-json\/wp\/v2\/media?parent=9549"}],"wp:term":[{"taxonomy":"product_cat","embeddable":true,"href":"https:\/\/www.onurkoserealestate.com\/tr\/wp-json\/wp\/v2\/product_cat?post=9549"},{"taxonomy":"product_tag","embeddable":true,"href":"https:\/\/www.onurkoserealestate.com\/tr\/wp-json\/wp\/v2\/product_tag?post=9549"},{"taxonomy":"country","embeddable":true,"href":"https:\/\/www.onurkoserealestate.com\/tr\/wp-json\/wp\/v2\/country?post=9549"},{"taxonomy":"district","embeddable":true,"href":"https:\/\/www.onurkoserealestate.com\/tr\/wp-json\/wp\/v2\/district?post=9549"},{"taxonomy":"selling-type","embeddable":true,"href":"https:\/\/www.onurkoserealestate.com\/tr\/wp-json\/wp\/v2\/selling-type?post=9549"},{"taxonomy":"property-type","embeddable":true,"href":"https:\/\/www.onurkoserealestate.com\/tr\/wp-json\/wp\/v2\/property-type?post=9549"},{"taxonomy":"location","embeddable":true,"href":"https:\/\/www.onurkoserealestate.com\/tr\/wp-json\/wp\/v2\/location?post=9549"},{"taxonomy":"property-city","embeddable":true,"href":"https:\/\/www.onurkoserealestate.com\/tr\/wp-json\/wp\/v2\/property-city?post=9549"}],"curies":[{"name":"wp","href":"https:\/\/api.w.org\/{rel}","templated":true}]}}