{"id":9674,"date":"2024-07-12T10:52:27","date_gmt":"2024-07-12T10:52:27","guid":{"rendered":"https:\/\/www.onurkoserealestate.com\/product\/obada-yepyeni-dubleks-aile-konforu-icin-ideal\/"},"modified":"2024-07-12T10:52:27","modified_gmt":"2024-07-12T10:52:27","slug":"brand-new-duplex-in-oba-ideal-for-family-comfort","status":"publish","type":"product","link":"https:\/\/www.onurkoserealestate.com\/tr\/product\/brand-new-duplex-in-oba-ideal-for-family-comfort\/","title":{"rendered":"Oba&#8217;da Yepyeni Dubleks &#8211; Aile Konforu i\u00e7in \u0130deal!"},"content":{"rendered":"<p style=\"text-align: left\">Oba&#8217;da 90 m\u00b2&#8217;lik geni\u015f bir ya\u015fam alan\u0131 sunan bu g\u00fczel dubleksi ke\u015ffedin. A\u00e7\u0131k mutfak tasar\u0131m\u0131na sahip 4. katta yer alan bu tamamen mobilyal\u0131 birim, bol miktarda do\u011fal \u0131\u015f\u0131k sa\u011flayan kuzeybat\u0131 cephesine sahiptir. Yepyeni bir m\u00fclk olarak, yeni bir ba\u015flang\u0131\u00e7 yapmak isteyenler i\u00e7in m\u00fckemmeldir. Denize sadece 1,8 km mesafede ve bak\u0131ml\u0131 d\u00f6rt katl\u0131 bir site i\u00e7erisinde yer alan dairenin ayl\u0131k aidat\u0131 1.200 TL&#8217;dir. A\u00e7\u0131k ve kapal\u0131 havuzlar, sauna, fitness merkezi, barbek\u00fc alan\u0131 ve \u00e7ocuk oyun alan\u0131 gibi m\u00fckemmel olanaklar\u0131n keyfini \u00e7\u0131kar\u0131n. Bu, canl\u0131 bir toplulukta konforlu bir ya\u015fam i\u00e7in ideal bir f\u0131rsat!<\/p>\n","protected":false},"excerpt":{"rendered":"<p>Oba&#8217;da 90 m\u00b2&#8217;lik geni\u015f bir ya\u015fam alan\u0131 sunan bu g\u00fczel dubleksi ke\u015ffedin. A\u00e7\u0131k mutfak tasar\u0131m\u0131na sahip 4. katta yer alan<\/p>\n","protected":false},"featured_media":9559,"comment_status":"open","ping_status":"closed","template":"","meta":[],"product_cat":[77],"product_tag":[],"country":[109],"district":[193],"selling-type":[118],"property-type":[120],"location":[152],"property-city":[124],"class_list":{"0":"post-9674","1":"product","2":"type-product","3":"status-publish","4":"has-post-thumbnail","6":"product_cat-acil-satilik","7":"country-turkey-tr","8":"district-oba-tr","9":"selling-type-resale-tr","10":"property-type-apartment-tr","11":"location-alanya-tr","12":"property-city-antalya-tr","14":"first","15":"instock","16":"shipping-taxable","17":"purchasable","18":"product-type-simple"},"_links":{"self":[{"href":"https:\/\/www.onurkoserealestate.com\/tr\/wp-json\/wp\/v2\/product\/9674","targetHints":{"allow":["GET"]}}],"collection":[{"href":"https:\/\/www.onurkoserealestate.com\/tr\/wp-json\/wp\/v2\/product"}],"about":[{"href":"https:\/\/www.onurkoserealestate.com\/tr\/wp-json\/wp\/v2\/types\/product"}],"replies":[{"embeddable":true,"href":"https:\/\/www.onurkoserealestate.com\/tr\/wp-json\/wp\/v2\/comments?post=9674"}],"wp:featuredmedia":[{"embeddable":true,"href":"https:\/\/www.onurkoserealestate.com\/tr\/wp-json\/wp\/v2\/media\/9559"}],"wp:attachment":[{"href":"https:\/\/www.onurkoserealestate.com\/tr\/wp-json\/wp\/v2\/media?parent=9674"}],"wp:term":[{"taxonomy":"product_cat","embeddable":true,"href":"https:\/\/www.onurkoserealestate.com\/tr\/wp-json\/wp\/v2\/product_cat?post=9674"},{"taxonomy":"product_tag","embeddable":true,"href":"https:\/\/www.onurkoserealestate.com\/tr\/wp-json\/wp\/v2\/product_tag?post=9674"},{"taxonomy":"country","embeddable":true,"href":"https:\/\/www.onurkoserealestate.com\/tr\/wp-json\/wp\/v2\/country?post=9674"},{"taxonomy":"district","embeddable":true,"href":"https:\/\/www.onurkoserealestate.com\/tr\/wp-json\/wp\/v2\/district?post=9674"},{"taxonomy":"selling-type","embeddable":true,"href":"https:\/\/www.onurkoserealestate.com\/tr\/wp-json\/wp\/v2\/selling-type?post=9674"},{"taxonomy":"property-type","embeddable":true,"href":"https:\/\/www.onurkoserealestate.com\/tr\/wp-json\/wp\/v2\/property-type?post=9674"},{"taxonomy":"location","embeddable":true,"href":"https:\/\/www.onurkoserealestate.com\/tr\/wp-json\/wp\/v2\/location?post=9674"},{"taxonomy":"property-city","embeddable":true,"href":"https:\/\/www.onurkoserealestate.com\/tr\/wp-json\/wp\/v2\/property-city?post=9674"}],"curies":[{"name":"wp","href":"https:\/\/api.w.org\/{rel}","templated":true}]}}