{"id":9772,"date":"2024-07-12T11:10:04","date_gmt":"2024-07-12T11:10:04","guid":{"rendered":"https:\/\/www.onurkoserealestate.com\/product\/obadaki-ideal-aile-eviniz-acik-mutfak-ve-harika-manzaralar\/"},"modified":"2024-07-12T11:10:04","modified_gmt":"2024-07-12T11:10:04","slug":"your-ideal-family-home-in-oba-open-kitchen-and-great-views","status":"publish","type":"product","link":"https:\/\/www.onurkoserealestate.com\/tr\/product\/your-ideal-family-home-in-oba-open-kitchen-and-great-views\/","title":{"rendered":"Oba&#8217;daki \u0130deal Aile Eviniz &#8211; A\u00e7\u0131k Mutfak ve Harika Manzaralar!"},"content":{"rendered":"<p>Oba&#8217;daki bu g\u00fczel d\u00f6\u015fenmi\u015f 3+1 daire, B Blok&#8217;un 2. kat\u0131nda yer alan 120 m\u00b2&#8217;lik geni\u015f bir ya\u015fam alan\u0131 sunmaktad\u0131r. A\u00e7\u0131k mutfak tasar\u0131m\u0131na ve arzu edilen g\u00fcney-kuzeybat\u0131 cephesine sahip olan bu birim, muhte\u015fem havuz ve do\u011fa manzaras\u0131 sunmaktad\u0131r. Bina sadece 3 ya\u015f\u0131nda ve tamamen aktif olup modern ya\u015fam standartlar\u0131 sa\u011flamaktad\u0131r. Denize sadece 750 metre mesafede yer alan ve ayl\u0131k 1.600 TL aidat\u0131 olan bu daire, canl\u0131 bir toplumda konfor ve rahatl\u0131k arayanlar i\u00e7in ideal!<\/p>\n","protected":false},"excerpt":{"rendered":"<p>Oba&#8217;daki bu g\u00fczel d\u00f6\u015fenmi\u015f 3+1 daire, B Blok&#8217;un 2. kat\u0131nda yer alan 120 m\u00b2&#8217;lik geni\u015f bir ya\u015fam alan\u0131 sunmaktad\u0131r. A\u00e7\u0131k<\/p>\n","protected":false},"featured_media":9679,"comment_status":"open","ping_status":"closed","template":"","meta":[],"product_cat":[77,95],"product_tag":[],"country":[109],"district":[193],"selling-type":[118],"property-type":[120],"location":[152],"property-city":[124],"class_list":{"0":"post-9772","1":"product","2":"type-product","3":"status-publish","4":"has-post-thumbnail","6":"product_cat-acil-satilik","7":"product_cat-havuz-manzarasi","8":"country-turkey-tr","9":"district-oba-tr","10":"selling-type-resale-tr","11":"property-type-apartment-tr","12":"location-alanya-tr","13":"property-city-antalya-tr","15":"first","16":"instock","17":"shipping-taxable","18":"purchasable","19":"product-type-simple"},"_links":{"self":[{"href":"https:\/\/www.onurkoserealestate.com\/tr\/wp-json\/wp\/v2\/product\/9772","targetHints":{"allow":["GET"]}}],"collection":[{"href":"https:\/\/www.onurkoserealestate.com\/tr\/wp-json\/wp\/v2\/product"}],"about":[{"href":"https:\/\/www.onurkoserealestate.com\/tr\/wp-json\/wp\/v2\/types\/product"}],"replies":[{"embeddable":true,"href":"https:\/\/www.onurkoserealestate.com\/tr\/wp-json\/wp\/v2\/comments?post=9772"}],"wp:featuredmedia":[{"embeddable":true,"href":"https:\/\/www.onurkoserealestate.com\/tr\/wp-json\/wp\/v2\/media\/9679"}],"wp:attachment":[{"href":"https:\/\/www.onurkoserealestate.com\/tr\/wp-json\/wp\/v2\/media?parent=9772"}],"wp:term":[{"taxonomy":"product_cat","embeddable":true,"href":"https:\/\/www.onurkoserealestate.com\/tr\/wp-json\/wp\/v2\/product_cat?post=9772"},{"taxonomy":"product_tag","embeddable":true,"href":"https:\/\/www.onurkoserealestate.com\/tr\/wp-json\/wp\/v2\/product_tag?post=9772"},{"taxonomy":"country","embeddable":true,"href":"https:\/\/www.onurkoserealestate.com\/tr\/wp-json\/wp\/v2\/country?post=9772"},{"taxonomy":"district","embeddable":true,"href":"https:\/\/www.onurkoserealestate.com\/tr\/wp-json\/wp\/v2\/district?post=9772"},{"taxonomy":"selling-type","embeddable":true,"href":"https:\/\/www.onurkoserealestate.com\/tr\/wp-json\/wp\/v2\/selling-type?post=9772"},{"taxonomy":"property-type","embeddable":true,"href":"https:\/\/www.onurkoserealestate.com\/tr\/wp-json\/wp\/v2\/property-type?post=9772"},{"taxonomy":"location","embeddable":true,"href":"https:\/\/www.onurkoserealestate.com\/tr\/wp-json\/wp\/v2\/location?post=9772"},{"taxonomy":"property-city","embeddable":true,"href":"https:\/\/www.onurkoserealestate.com\/tr\/wp-json\/wp\/v2\/property-city?post=9772"}],"curies":[{"name":"wp","href":"https:\/\/api.w.org\/{rel}","templated":true}]}}