{"id":9868,"date":"2024-07-12T11:37:25","date_gmt":"2024-07-12T11:37:25","guid":{"rendered":"https:\/\/www.onurkoserealestate.com\/product\/obada-guneydogu-cepheli-buyuleyici-21-daire\/"},"modified":"2024-07-12T11:37:25","modified_gmt":"2024-07-12T11:37:25","slug":"charming-21-apartment-in-oba-with-southeast-facade","status":"publish","type":"product","link":"https:\/\/www.onurkoserealestate.com\/tr\/product\/charming-21-apartment-in-oba-with-southeast-facade\/","title":{"rendered":"Oba&#8217;da G\u00fcneydo\u011fu Cepheli B\u00fcy\u00fcleyici 2+1 Daire!"},"content":{"rendered":"<p>Oba&#8217;daki bu \u00e7arp\u0131c\u0131 2+1 daire, 3. katta a\u00e7\u0131k mutfakl\u0131 ve rahat\u0131n\u0131z i\u00e7in d\u00f6\u015fenmi\u015f 110 m\u00b2 ya\u015fam alan\u0131 sunmaktad\u0131r. Arzu edilen g\u00fcneydo\u011fu cephesi ile evinizden nefes kesici deniz manzaras\u0131n\u0131n keyfini \u00e7\u0131karabilirsiniz. \u0130yi donan\u0131ml\u0131 bir site i\u00e7inde yer alan site sakinleri, a\u00e7\u0131k ve kapal\u0131 havuzlar, fitness merkezi, sauna, hamam, otopark, market, doktor hizmetleri, 7\/24 g\u00fcvenlik, hal\u0131 saha, tenis kortu, bowling salonlar\u0131, restoran, bah\u00e7\u0131van, kap\u0131c\u0131, asans\u00f6r ve jenerat\u00f6r gibi \u00e7ok say\u0131da olanaktan yararlanmaktad\u0131r. Bu daire, yeni ya\u015fam tarz\u0131n\u0131z i\u00e7in ideal olan konfor ve l\u00fcks\u00fcn m\u00fckemmel bir kar\u0131\u015f\u0131m\u0131d\u0131r!<\/p>\n","protected":false},"excerpt":{"rendered":"<p>Oba&#8217;daki bu \u00e7arp\u0131c\u0131 2+1 daire, 3. katta a\u00e7\u0131k mutfakl\u0131 ve rahat\u0131n\u0131z i\u00e7in d\u00f6\u015fenmi\u015f 110 m\u00b2 ya\u015fam alan\u0131 sunmaktad\u0131r. Arzu edilen<\/p>\n","protected":false},"featured_media":9819,"comment_status":"open","ping_status":"closed","template":"","meta":[],"product_cat":[77,101,84],"product_tag":[],"country":[109],"district":[193],"selling-type":[118],"property-type":[120],"location":[152],"property-city":[124],"class_list":{"0":"post-9868","1":"product","2":"type-product","3":"status-publish","4":"has-post-thumbnail","6":"product_cat-acil-satilik","7":"product_cat-deniz-manzarali","8":"product_cat-vatandaslik","9":"country-turkey-tr","10":"district-oba-tr","11":"selling-type-resale-tr","12":"property-type-apartment-tr","13":"location-alanya-tr","14":"property-city-antalya-tr","16":"first","17":"instock","18":"shipping-taxable","19":"purchasable","20":"product-type-simple"},"_links":{"self":[{"href":"https:\/\/www.onurkoserealestate.com\/tr\/wp-json\/wp\/v2\/product\/9868","targetHints":{"allow":["GET"]}}],"collection":[{"href":"https:\/\/www.onurkoserealestate.com\/tr\/wp-json\/wp\/v2\/product"}],"about":[{"href":"https:\/\/www.onurkoserealestate.com\/tr\/wp-json\/wp\/v2\/types\/product"}],"replies":[{"embeddable":true,"href":"https:\/\/www.onurkoserealestate.com\/tr\/wp-json\/wp\/v2\/comments?post=9868"}],"wp:featuredmedia":[{"embeddable":true,"href":"https:\/\/www.onurkoserealestate.com\/tr\/wp-json\/wp\/v2\/media\/9819"}],"wp:attachment":[{"href":"https:\/\/www.onurkoserealestate.com\/tr\/wp-json\/wp\/v2\/media?parent=9868"}],"wp:term":[{"taxonomy":"product_cat","embeddable":true,"href":"https:\/\/www.onurkoserealestate.com\/tr\/wp-json\/wp\/v2\/product_cat?post=9868"},{"taxonomy":"product_tag","embeddable":true,"href":"https:\/\/www.onurkoserealestate.com\/tr\/wp-json\/wp\/v2\/product_tag?post=9868"},{"taxonomy":"country","embeddable":true,"href":"https:\/\/www.onurkoserealestate.com\/tr\/wp-json\/wp\/v2\/country?post=9868"},{"taxonomy":"district","embeddable":true,"href":"https:\/\/www.onurkoserealestate.com\/tr\/wp-json\/wp\/v2\/district?post=9868"},{"taxonomy":"selling-type","embeddable":true,"href":"https:\/\/www.onurkoserealestate.com\/tr\/wp-json\/wp\/v2\/selling-type?post=9868"},{"taxonomy":"property-type","embeddable":true,"href":"https:\/\/www.onurkoserealestate.com\/tr\/wp-json\/wp\/v2\/property-type?post=9868"},{"taxonomy":"location","embeddable":true,"href":"https:\/\/www.onurkoserealestate.com\/tr\/wp-json\/wp\/v2\/location?post=9868"},{"taxonomy":"property-city","embeddable":true,"href":"https:\/\/www.onurkoserealestate.com\/tr\/wp-json\/wp\/v2\/property-city?post=9868"}],"curies":[{"name":"wp","href":"https:\/\/api.w.org\/{rel}","templated":true}]}}