{"id":9872,"date":"2024-07-12T12:18:01","date_gmt":"2024-07-12T12:18:01","guid":{"rendered":"https:\/\/www.onurkoserealestate.com\/product\/bu-guzel-oba-dairesinde-konforlu-yasam-sizi-bekliyor\/"},"modified":"2024-07-12T12:18:01","modified_gmt":"2024-07-12T12:18:01","slug":"comfortable-living-awaits-in-this-lovely-oba-apartment","status":"publish","type":"product","link":"https:\/\/www.onurkoserealestate.com\/tr\/product\/comfortable-living-awaits-in-this-lovely-oba-apartment\/","title":{"rendered":"Bu G\u00fczel Oba Dairesinde Konforlu Ya\u015fam Sizi Bekliyor!"},"content":{"rendered":"<p>Oba&#8217;daki bu b\u00fcy\u00fcleyici 2+1 daire, 2. katta a\u00e7\u0131k mutfakl\u0131 ve konforunuz i\u00e7in d\u00f6\u015fenmi\u015f 110 m\u00b2 ya\u015fam alan\u0131 sunmaktad\u0131r. Evin her yerinde yerden \u0131s\u0131tma l\u00fcks\u00fcn\u00fcn keyfini \u00e7\u0131kar\u0131n. Bak\u0131ml\u0131 bir sitede yer alan site sakinleri, havuz, bah\u00e7e, barbek\u00fc alan\u0131 ve 7\/24 g\u00fcvenlik gibi harika olanaklardan yararlanabilirler. Bu daire konforlu ve g\u00fcvenli bir ya\u015fam tarz\u0131 i\u00e7in m\u00fckemmeldir!<\/p>\n","protected":false},"excerpt":{"rendered":"<p>Oba&#8217;daki bu b\u00fcy\u00fcleyici 2+1 daire, 2. katta a\u00e7\u0131k mutfakl\u0131 ve konforunuz i\u00e7in d\u00f6\u015fenmi\u015f 110 m\u00b2 ya\u015fam alan\u0131 sunmaktad\u0131r. Evin her<\/p>\n","protected":false},"featured_media":9894,"comment_status":"open","ping_status":"closed","template":"","meta":[],"product_cat":[77],"product_tag":[],"country":[109],"district":[193],"selling-type":[118],"property-type":[120],"location":[152],"property-city":[124],"class_list":{"0":"post-9872","1":"product","2":"type-product","3":"status-publish","4":"has-post-thumbnail","6":"product_cat-acil-satilik","7":"country-turkey-tr","8":"district-oba-tr","9":"selling-type-resale-tr","10":"property-type-apartment-tr","11":"location-alanya-tr","12":"property-city-antalya-tr","14":"first","15":"instock","16":"shipping-taxable","17":"purchasable","18":"product-type-simple"},"_links":{"self":[{"href":"https:\/\/www.onurkoserealestate.com\/tr\/wp-json\/wp\/v2\/product\/9872","targetHints":{"allow":["GET"]}}],"collection":[{"href":"https:\/\/www.onurkoserealestate.com\/tr\/wp-json\/wp\/v2\/product"}],"about":[{"href":"https:\/\/www.onurkoserealestate.com\/tr\/wp-json\/wp\/v2\/types\/product"}],"replies":[{"embeddable":true,"href":"https:\/\/www.onurkoserealestate.com\/tr\/wp-json\/wp\/v2\/comments?post=9872"}],"wp:featuredmedia":[{"embeddable":true,"href":"https:\/\/www.onurkoserealestate.com\/tr\/wp-json\/wp\/v2\/media\/9894"}],"wp:attachment":[{"href":"https:\/\/www.onurkoserealestate.com\/tr\/wp-json\/wp\/v2\/media?parent=9872"}],"wp:term":[{"taxonomy":"product_cat","embeddable":true,"href":"https:\/\/www.onurkoserealestate.com\/tr\/wp-json\/wp\/v2\/product_cat?post=9872"},{"taxonomy":"product_tag","embeddable":true,"href":"https:\/\/www.onurkoserealestate.com\/tr\/wp-json\/wp\/v2\/product_tag?post=9872"},{"taxonomy":"country","embeddable":true,"href":"https:\/\/www.onurkoserealestate.com\/tr\/wp-json\/wp\/v2\/country?post=9872"},{"taxonomy":"district","embeddable":true,"href":"https:\/\/www.onurkoserealestate.com\/tr\/wp-json\/wp\/v2\/district?post=9872"},{"taxonomy":"selling-type","embeddable":true,"href":"https:\/\/www.onurkoserealestate.com\/tr\/wp-json\/wp\/v2\/selling-type?post=9872"},{"taxonomy":"property-type","embeddable":true,"href":"https:\/\/www.onurkoserealestate.com\/tr\/wp-json\/wp\/v2\/property-type?post=9872"},{"taxonomy":"location","embeddable":true,"href":"https:\/\/www.onurkoserealestate.com\/tr\/wp-json\/wp\/v2\/location?post=9872"},{"taxonomy":"property-city","embeddable":true,"href":"https:\/\/www.onurkoserealestate.com\/tr\/wp-json\/wp\/v2\/property-city?post=9872"}],"curies":[{"name":"wp","href":"https:\/\/api.w.org\/{rel}","templated":true}]}}